{"id":8653,"date":"2021-07-08T11:12:22","date_gmt":"2021-07-08T11:12:22","guid":{"rendered":"https:\/\/www.onshoresurfskate.com\/?post_type=product&#038;p=8653"},"modified":"2025-06-09T13:45:39","modified_gmt":"2025-06-09T13:45:39","slug":"nz-canyon-copia","status":"publish","type":"product","link":"https:\/\/www.onshoresurfskate.com\/en\/product\/nz-canyon-copia\/","title":{"rendered":"Ruedas LongBoard &#8211; Surfskate"},"content":{"rendered":"","protected":false},"excerpt":{"rendered":"<p id=\"title\" class=\"a-size-large a-spacing-none\"><span id=\"productTitle\" class=\"a-size-large product-title-word-break\">Ruedas de Skateboard Longboard de 70MM 80A con Rodamientos para Monopat\u00edn.<\/span><\/p>\n<p class=\"a-size-large a-spacing-none\">Env\u00edo gratuito en todos los pedidos en Espa\u00f1a peninsular. El plazo podr\u00e1 variar pero aproximadamente ser\u00e1 de 3 d\u00edas laborables una vez realizado el pedido<\/p>","protected":false},"featured_media":8658,"comment_status":"open","ping_status":"closed","template":"","meta":{"om_disable_all_campaigns":false,"_monsterinsights_skip_tracking":false,"_monsterinsights_sitenote_active":false,"_monsterinsights_sitenote_note":"","_monsterinsights_sitenote_category":0,"site-sidebar-layout":"no-sidebar","site-content-layout":"content-boxed-container","ast-global-header-display":"","ast-main-header-display":"","ast-hfb-above-header-display":"","ast-hfb-below-header-display":"","ast-hfb-mobile-header-display":"","site-post-title":"","ast-breadcrumbs-content":"","ast-featured-img":"","footer-sml-layout":"","theme-transparent-header-meta":"default","adv-header-id-meta":"","stick-header-meta":"","header-above-stick-meta":"","header-main-stick-meta":"","header-below-stick-meta":""},"etheme_brands":[],"product_brand":[],"product_cat":[138],"product_tag":[],"class_list":{"0":"post-8653","1":"product","2":"type-product","3":"status-publish","4":"has-post-thumbnail","6":"product_cat-accesorios","8":"first","9":"outofstock","10":"taxable","11":"shipping-taxable","12":"purchasable","13":"product-type-simple"},"aioseo_notices":[],"_links":{"self":[{"href":"https:\/\/www.onshoresurfskate.com\/en\/wp-json\/wp\/v2\/product\/8653","targetHints":{"allow":["GET"]}}],"collection":[{"href":"https:\/\/www.onshoresurfskate.com\/en\/wp-json\/wp\/v2\/product"}],"about":[{"href":"https:\/\/www.onshoresurfskate.com\/en\/wp-json\/wp\/v2\/types\/product"}],"replies":[{"embeddable":true,"href":"https:\/\/www.onshoresurfskate.com\/en\/wp-json\/wp\/v2\/comments?post=8653"}],"wp:featuredmedia":[{"embeddable":true,"href":"https:\/\/www.onshoresurfskate.com\/en\/wp-json\/wp\/v2\/media\/8658"}],"wp:attachment":[{"href":"https:\/\/www.onshoresurfskate.com\/en\/wp-json\/wp\/v2\/media?parent=8653"}],"wp:term":[{"taxonomy":"brand","embeddable":true,"href":"https:\/\/www.onshoresurfskate.com\/en\/wp-json\/wp\/v2\/etheme_brands?post=8653"},{"taxonomy":"product_brand","embeddable":true,"href":"https:\/\/www.onshoresurfskate.com\/en\/wp-json\/wp\/v2\/product_brand?post=8653"},{"taxonomy":"product_cat","embeddable":true,"href":"https:\/\/www.onshoresurfskate.com\/en\/wp-json\/wp\/v2\/product_cat?post=8653"},{"taxonomy":"product_tag","embeddable":true,"href":"https:\/\/www.onshoresurfskate.com\/en\/wp-json\/wp\/v2\/product_tag?post=8653"}],"curies":[{"name":"wp","href":"https:\/\/api.w.org\/{rel}","templated":true}]}}