{"id":8990,"date":"2021-10-24T07:04:38","date_gmt":"2021-10-24T07:04:38","guid":{"rendered":"https:\/\/www.onshoresurfskate.com\/?post_type=product&#038;p=8990"},"modified":"2025-06-09T04:43:03","modified_gmt":"2025-06-09T04:43:03","slug":"surfskate-modelo-nz-canyon","status":"publish","type":"product","link":"https:\/\/www.onshoresurfskate.com\/en\/product\/surfskate-modelo-nz-canyon\/","title":{"rendered":"Surfskate modelo NZ Canyon"},"content":{"rendered":"","protected":false},"excerpt":{"rendered":"<p>Hemos querido inaugurar nuestra colecci\u00f3n de surfskates con uno de los modelos m\u00e1s polivalentes. Para el dise\u00f1o nos hemos inspirado en el m\u00edtico ca\u00f1\u00f3n marino donde se forma una de las olas m\u00e1s salvajes del mundo. Queremos acercar la sensaci\u00f3n de esa ola a todos aquellos que se suban a este modelo, independientemente de su nivel.<\/p>\n<p>Sus\u00a0<strong>medidas<\/strong>\u00a0de 32\u201d lo hacen perfecto tanto para cualquier aficionado que quiere iniciarse en el surfskate como para ese surfero que no quiere renunciar a las sensaciones del mar cuando est\u00e1 lejos de las olas. El\u00a0<strong>shape<\/strong>\u00a0de la tabla nos recuerda a las tablas cl\u00e1sicas de surf con cola fish, con el\u00a0<strong>tail<\/strong>\u00a0ligeramente inclinado que le aporta ese extra de control para el pie trasero. La perfecta combinaci\u00f3n de los\u00a0<strong>ejes<\/strong>\u00a0OS1 y las\u00a0<strong>ruedas<\/strong> de dureza 78A te permitir\u00e1 disfrutar de las sensaciones que nos proporcionan esas olas glassy que tanto echamos de menos cuando estamos rodeados de asfalto<\/p>\n<p><strong>Env\u00edo<\/strong>: Env\u00edo gratuito en todos los pedidos en Espa\u00f1a peninsular. El plazo podr\u00e1 variar pero aproximadamente ser\u00e1 de 3 d\u00edas laborables una vez realizado el pedido<\/p>","protected":false},"featured_media":10081,"comment_status":"open","ping_status":"closed","template":"","meta":{"om_disable_all_campaigns":false,"_monsterinsights_skip_tracking":false,"_monsterinsights_sitenote_active":false,"_monsterinsights_sitenote_note":"","_monsterinsights_sitenote_category":0,"site-sidebar-layout":"no-sidebar","site-content-layout":"content-boxed-container","ast-global-header-display":"","ast-main-header-display":"","ast-hfb-above-header-display":"","ast-hfb-below-header-display":"","ast-hfb-mobile-header-display":"","site-post-title":"","ast-breadcrumbs-content":"","ast-featured-img":"","footer-sml-layout":"","theme-transparent-header-meta":"default","adv-header-id-meta":"","stick-header-meta":"","header-above-stick-meta":"","header-main-stick-meta":"","header-below-stick-meta":""},"etheme_brands":[],"product_brand":[],"product_cat":[169],"product_tag":[],"class_list":{"0":"post-8990","1":"product","2":"type-product","3":"status-publish","4":"has-post-thumbnail","6":"product_cat-surfskates","8":"first","9":"outofstock","10":"sale","11":"taxable","12":"shipping-taxable","13":"purchasable","14":"product-type-simple"},"aioseo_notices":[],"_links":{"self":[{"href":"https:\/\/www.onshoresurfskate.com\/en\/wp-json\/wp\/v2\/product\/8990","targetHints":{"allow":["GET"]}}],"collection":[{"href":"https:\/\/www.onshoresurfskate.com\/en\/wp-json\/wp\/v2\/product"}],"about":[{"href":"https:\/\/www.onshoresurfskate.com\/en\/wp-json\/wp\/v2\/types\/product"}],"replies":[{"embeddable":true,"href":"https:\/\/www.onshoresurfskate.com\/en\/wp-json\/wp\/v2\/comments?post=8990"}],"wp:featuredmedia":[{"embeddable":true,"href":"https:\/\/www.onshoresurfskate.com\/en\/wp-json\/wp\/v2\/media\/10081"}],"wp:attachment":[{"href":"https:\/\/www.onshoresurfskate.com\/en\/wp-json\/wp\/v2\/media?parent=8990"}],"wp:term":[{"taxonomy":"brand","embeddable":true,"href":"https:\/\/www.onshoresurfskate.com\/en\/wp-json\/wp\/v2\/etheme_brands?post=8990"},{"taxonomy":"product_brand","embeddable":true,"href":"https:\/\/www.onshoresurfskate.com\/en\/wp-json\/wp\/v2\/product_brand?post=8990"},{"taxonomy":"product_cat","embeddable":true,"href":"https:\/\/www.onshoresurfskate.com\/en\/wp-json\/wp\/v2\/product_cat?post=8990"},{"taxonomy":"product_tag","embeddable":true,"href":"https:\/\/www.onshoresurfskate.com\/en\/wp-json\/wp\/v2\/product_tag?post=8990"}],"curies":[{"name":"wp","href":"https:\/\/api.w.org\/{rel}","templated":true}]}}