{"id":9084,"date":"2021-10-25T18:35:18","date_gmt":"2021-10-25T18:35:18","guid":{"rendered":"https:\/\/www.onshoresurfskate.com\/?post_type=product&#038;p=9084"},"modified":"2025-03-28T10:26:44","modified_gmt":"2025-03-28T10:26:44","slug":"surfskate-modelo-skeleton-bay","status":"publish","type":"product","link":"https:\/\/www.onshoresurfskate.com\/en\/product\/surfskate-modelo-skeleton-bay\/","title":{"rendered":"Surfskate modelo Skeleton Bay"},"content":{"rendered":"","protected":false},"excerpt":{"rendered":"<p>Incorporamos a nuestra colecci\u00f3n de surfskates un modelo muy especial. Para el dise\u00f1o nos hemos inspirado en la m\u00edtica Skeleton Bay (Costa de los Esqueletos), en Namibia, donde la arena de su estrecha playa, dibuja formas sinuosas, y a su vez, se crea una de las olas m\u00e1s largas del mundo del surf.<br \/>\nSus medidas de 30\u201dx10,5\u201d lo hacen perfecto para recorrer bajadas infinitas, que junto con los ejes OS2 (de Bushing), le dan una comodidad infinita; \u00a1no podr\u00e1s bajarte de \u00e9l!. El shape de la tabla muy plano y a la vez ancho, para no perder agarre en los pies. Ruedas personalizadas de color granate, con una dimensi\u00f3n de 70x51cm y una dureza de 78A.<\/p>","protected":false},"featured_media":10080,"comment_status":"open","ping_status":"closed","template":"","meta":{"om_disable_all_campaigns":false,"_monsterinsights_skip_tracking":false,"_monsterinsights_sitenote_active":false,"_monsterinsights_sitenote_note":"","_monsterinsights_sitenote_category":0,"site-sidebar-layout":"no-sidebar","site-content-layout":"content-boxed-container","ast-global-header-display":"","ast-main-header-display":"","ast-hfb-above-header-display":"","ast-hfb-below-header-display":"","ast-hfb-mobile-header-display":"","site-post-title":"","ast-breadcrumbs-content":"","ast-featured-img":"","footer-sml-layout":"","theme-transparent-header-meta":"default","adv-header-id-meta":"","stick-header-meta":"","header-above-stick-meta":"","header-main-stick-meta":"","header-below-stick-meta":""},"etheme_brands":[],"product_brand":[],"product_cat":[169],"product_tag":[],"class_list":{"0":"post-9084","1":"product","2":"type-product","3":"status-publish","4":"has-post-thumbnail","6":"product_cat-surfskates","8":"first","9":"outofstock","10":"sale","11":"taxable","12":"shipping-taxable","13":"purchasable","14":"product-type-simple"},"aioseo_notices":[],"_links":{"self":[{"href":"https:\/\/www.onshoresurfskate.com\/en\/wp-json\/wp\/v2\/product\/9084","targetHints":{"allow":["GET"]}}],"collection":[{"href":"https:\/\/www.onshoresurfskate.com\/en\/wp-json\/wp\/v2\/product"}],"about":[{"href":"https:\/\/www.onshoresurfskate.com\/en\/wp-json\/wp\/v2\/types\/product"}],"replies":[{"embeddable":true,"href":"https:\/\/www.onshoresurfskate.com\/en\/wp-json\/wp\/v2\/comments?post=9084"}],"wp:featuredmedia":[{"embeddable":true,"href":"https:\/\/www.onshoresurfskate.com\/en\/wp-json\/wp\/v2\/media\/10080"}],"wp:attachment":[{"href":"https:\/\/www.onshoresurfskate.com\/en\/wp-json\/wp\/v2\/media?parent=9084"}],"wp:term":[{"taxonomy":"brand","embeddable":true,"href":"https:\/\/www.onshoresurfskate.com\/en\/wp-json\/wp\/v2\/etheme_brands?post=9084"},{"taxonomy":"product_brand","embeddable":true,"href":"https:\/\/www.onshoresurfskate.com\/en\/wp-json\/wp\/v2\/product_brand?post=9084"},{"taxonomy":"product_cat","embeddable":true,"href":"https:\/\/www.onshoresurfskate.com\/en\/wp-json\/wp\/v2\/product_cat?post=9084"},{"taxonomy":"product_tag","embeddable":true,"href":"https:\/\/www.onshoresurfskate.com\/en\/wp-json\/wp\/v2\/product_tag?post=9084"}],"curies":[{"name":"wp","href":"https:\/\/api.w.org\/{rel}","templated":true}]}}