{"id":9103,"date":"2021-10-26T18:27:14","date_gmt":"2021-10-26T18:27:14","guid":{"rendered":"https:\/\/www.onshoresurfskate.com\/?post_type=product&#038;p=9103"},"modified":"2025-04-09T05:32:26","modified_gmt":"2025-04-09T05:32:26","slug":"surfskate-modelo-grajagan-73","status":"publish","type":"product","link":"https:\/\/www.onshoresurfskate.com\/en\/product\/surfskate-modelo-grajagan-73\/","title":{"rendered":"Surfskate modelo GLand \u00b473"},"content":{"rendered":"","protected":false},"excerpt":{"rendered":"<p>Inspirado en aquella m\u00edtica expedici\u00f3n que en los a\u00f1os 70 descubri\u00f3 en las costas de Indonesia, donde termina la jungla, una de las olas m\u00e1s misteriosas y espectaculares que existen.<br \/>\nUna tabla de medidas 31\u201dx9,75\u201d que nos recuerda a las m\u00edticas twin fin de aquellos a\u00f1os con nuestro eje m\u00e1s caracter\u00edstico OS1 de muelle regulable y bushings de dureza 89A en el eje trasero.<br \/>\nPara las ruedas hemos querido ir a lo seguro: 70x51cm y dureza 78A con un dise\u00f1o espectacular que nos acerca el azul turquesa de las aguas m\u00edticas de Java.<\/p>","protected":false},"featured_media":10079,"comment_status":"open","ping_status":"closed","template":"","meta":{"om_disable_all_campaigns":false,"_monsterinsights_skip_tracking":false,"_monsterinsights_sitenote_active":false,"_monsterinsights_sitenote_note":"","_monsterinsights_sitenote_category":0,"site-sidebar-layout":"no-sidebar","site-content-layout":"content-boxed-container","ast-global-header-display":"","ast-main-header-display":"","ast-hfb-above-header-display":"","ast-hfb-below-header-display":"","ast-hfb-mobile-header-display":"","site-post-title":"","ast-breadcrumbs-content":"","ast-featured-img":"","footer-sml-layout":"","theme-transparent-header-meta":"default","adv-header-id-meta":"","stick-header-meta":"","header-above-stick-meta":"","header-main-stick-meta":"","header-below-stick-meta":""},"etheme_brands":[],"product_brand":[],"product_cat":[169],"product_tag":[],"class_list":{"0":"post-9103","1":"product","2":"type-product","3":"status-publish","4":"has-post-thumbnail","6":"product_cat-surfskates","8":"first","9":"outofstock","10":"sale","11":"taxable","12":"shipping-taxable","13":"purchasable","14":"product-type-simple"},"aioseo_notices":[],"_links":{"self":[{"href":"https:\/\/www.onshoresurfskate.com\/en\/wp-json\/wp\/v2\/product\/9103","targetHints":{"allow":["GET"]}}],"collection":[{"href":"https:\/\/www.onshoresurfskate.com\/en\/wp-json\/wp\/v2\/product"}],"about":[{"href":"https:\/\/www.onshoresurfskate.com\/en\/wp-json\/wp\/v2\/types\/product"}],"replies":[{"embeddable":true,"href":"https:\/\/www.onshoresurfskate.com\/en\/wp-json\/wp\/v2\/comments?post=9103"}],"wp:featuredmedia":[{"embeddable":true,"href":"https:\/\/www.onshoresurfskate.com\/en\/wp-json\/wp\/v2\/media\/10079"}],"wp:attachment":[{"href":"https:\/\/www.onshoresurfskate.com\/en\/wp-json\/wp\/v2\/media?parent=9103"}],"wp:term":[{"taxonomy":"brand","embeddable":true,"href":"https:\/\/www.onshoresurfskate.com\/en\/wp-json\/wp\/v2\/etheme_brands?post=9103"},{"taxonomy":"product_brand","embeddable":true,"href":"https:\/\/www.onshoresurfskate.com\/en\/wp-json\/wp\/v2\/product_brand?post=9103"},{"taxonomy":"product_cat","embeddable":true,"href":"https:\/\/www.onshoresurfskate.com\/en\/wp-json\/wp\/v2\/product_cat?post=9103"},{"taxonomy":"product_tag","embeddable":true,"href":"https:\/\/www.onshoresurfskate.com\/en\/wp-json\/wp\/v2\/product_tag?post=9103"}],"curies":[{"name":"wp","href":"https:\/\/api.w.org\/{rel}","templated":true}]}}