{"id":9246,"date":"2022-04-11T16:18:09","date_gmt":"2022-04-11T16:18:09","guid":{"rendered":"https:\/\/www.onshoresurfskate.com\/?post_type=product&#038;p=9246"},"modified":"2024-11-01T20:39:26","modified_gmt":"2024-11-01T20:39:26","slug":"surfskate-edicion-limitada-modelo-skeleton-bay","status":"publish","type":"product","link":"https:\/\/www.onshoresurfskate.com\/en\/product\/surfskate-edicion-limitada-modelo-skeleton-bay\/","title":{"rendered":"Surfskate edici\u00f3n limitada modelo Skeleton Bay"},"content":{"rendered":"","protected":false},"excerpt":{"rendered":"<p>Esta edici\u00f3n limitada est\u00e1 pensada para el verano, para esas sesiones descalzos que nos gustan a todos. El shape de la tabla completamente plano y a la vez ancho, junto con el corcho, lo hacen una pieza \u00fanica.<br \/>\nSus medidas de 30\u201dx10,5\u201d lo hacen perfecto para recorrer bajadas infinitas, que junto con los ejes OS2 (de Bushing), le dan una comodidad incre\u00edble; \u00a1no podr\u00e1s bajarte de \u00e9l!.<\/p>","protected":false},"featured_media":10074,"comment_status":"open","ping_status":"closed","template":"","meta":{"om_disable_all_campaigns":false,"_monsterinsights_skip_tracking":false,"_monsterinsights_sitenote_active":false,"_monsterinsights_sitenote_note":"","_monsterinsights_sitenote_category":0,"site-sidebar-layout":"no-sidebar","site-content-layout":"content-boxed-container","ast-global-header-display":"","ast-main-header-display":"","ast-hfb-above-header-display":"","ast-hfb-below-header-display":"","ast-hfb-mobile-header-display":"","site-post-title":"","ast-breadcrumbs-content":"","ast-featured-img":"","footer-sml-layout":"","theme-transparent-header-meta":"default","adv-header-id-meta":"","stick-header-meta":"","header-above-stick-meta":"","header-main-stick-meta":"","header-below-stick-meta":""},"etheme_brands":[],"product_brand":[],"product_cat":[169],"product_tag":[],"class_list":{"0":"post-9246","1":"product","2":"type-product","3":"status-publish","4":"has-post-thumbnail","6":"product_cat-surfskates","8":"first","9":"outofstock","10":"taxable","11":"shipping-taxable","12":"purchasable","13":"product-type-simple"},"aioseo_notices":[],"_links":{"self":[{"href":"https:\/\/www.onshoresurfskate.com\/en\/wp-json\/wp\/v2\/product\/9246","targetHints":{"allow":["GET"]}}],"collection":[{"href":"https:\/\/www.onshoresurfskate.com\/en\/wp-json\/wp\/v2\/product"}],"about":[{"href":"https:\/\/www.onshoresurfskate.com\/en\/wp-json\/wp\/v2\/types\/product"}],"replies":[{"embeddable":true,"href":"https:\/\/www.onshoresurfskate.com\/en\/wp-json\/wp\/v2\/comments?post=9246"}],"wp:featuredmedia":[{"embeddable":true,"href":"https:\/\/www.onshoresurfskate.com\/en\/wp-json\/wp\/v2\/media\/10074"}],"wp:attachment":[{"href":"https:\/\/www.onshoresurfskate.com\/en\/wp-json\/wp\/v2\/media?parent=9246"}],"wp:term":[{"taxonomy":"brand","embeddable":true,"href":"https:\/\/www.onshoresurfskate.com\/en\/wp-json\/wp\/v2\/etheme_brands?post=9246"},{"taxonomy":"product_brand","embeddable":true,"href":"https:\/\/www.onshoresurfskate.com\/en\/wp-json\/wp\/v2\/product_brand?post=9246"},{"taxonomy":"product_cat","embeddable":true,"href":"https:\/\/www.onshoresurfskate.com\/en\/wp-json\/wp\/v2\/product_cat?post=9246"},{"taxonomy":"product_tag","embeddable":true,"href":"https:\/\/www.onshoresurfskate.com\/en\/wp-json\/wp\/v2\/product_tag?post=9246"}],"curies":[{"name":"wp","href":"https:\/\/api.w.org\/{rel}","templated":true}]}}